{"id":842,"date":"2026-03-19T12:00:19","date_gmt":"2026-03-19T12:00:19","guid":{"rendered":"https:\/\/msjiujitsu.wasmer.app\/?page_id=842"},"modified":"2026-03-19T12:44:34","modified_gmt":"2026-03-19T12:44:34","slug":"podaci-udruge","status":"publish","type":"page","link":"https:\/\/www.msjiujitsu.hr\/index.php\/podaci-udruge\/","title":{"rendered":"Podaci udruge"},"content":{"rendered":"\n<div class=\"wp-block-stackable-columns alignfull stk-block-columns stk-block stk-e6999a1 stk-block-background stk--has-background-overlay\" data-block-id=\"e6999a1\"><style>.stk-e6999a1 {background-image:url(https:\/\/msjiujitsu.wasmer.app\/wp-content\/uploads\/2026\/03\/878b2b30-aa66-4e36-af87-c6e39a72ce58_2.png) !important;padding-top:270px !important;padding-bottom:150px !important;margin-bottom:0px !important;}@media screen and (max-width:999px){.stk-e6999a1 {padding-top:200px !important;padding-bottom:140px !important;}}@media screen and (max-width:689px){.stk-e6999a1 {padding-top:170px !important;padding-bottom:100px !important;}}<\/style><div class=\"stk-row stk-inner-blocks has-text-align-center-mobile stk-block-content stk-content-align stk-e6999a1-column\">\n<div class=\"wp-block-stackable-column stk-block-column stk-column stk-block stk-254757e\" data-v=\"4\" data-block-id=\"254757e\"><style>.stk-254757e-container{margin-top:0px !important;margin-right:0px !important;margin-bottom:0px !important;margin-left:0px !important;}@media screen and (min-width:690px) and (max-width:999px){.stk-254757e {flex:var(--stk-flex-grow, 1) 1 75% !important;}}<\/style><div class=\"stk-column-wrapper stk-block-column__content stk-container stk-254757e-container stk--no-background stk--no-padding\"><div class=\"stk-block-content stk-inner-blocks stk-254757e-inner-blocks\">\n<div class=\"wp-block-stackable-heading stk-block-heading stk-block-heading--v2 stk-block stk-e7b70bd\" id=\"meta-charset-utf-8-meta-ms-jiu-jitsu-klub\" data-block-id=\"e7b70bd\"><style>.stk-e7b70bd {margin-bottom:20px !important;}.stk-e7b70bd .stk-block-heading__text{font-size:50px !important;color:var(u002du002dtheme-palette-color-8, #ffffff) !important;line-height:1.4em !important;font-weight:bold !important;font-family:-apple-system, BlinkMacSystemFont, \"Segoe UI\", Roboto, Helvetica, Arial, sans-serif, \"Apple Color Emoji\", \"Segoe UI Emoji\", \"Segoe UI Symbol\" !important;}@media screen and (max-width:999px){.stk-e7b70bd .stk-block-heading__text{font-size:40px !important;}}@media screen and (max-width:689px){.stk-e7b70bd .stk-block-heading__text{font-size:30px !important;}}<\/style><h2 class=\"stk-block-heading__text has-text-color has-palette-color-8-color\"><meta charset=\"utf-8\">Podaci udruge<\/h2><\/div>\n\n\n\n<div class=\"wp-block-stackable-text stk-block-text stk-block stk-6c2d1e8\" data-block-id=\"6c2d1e8\"><style>.stk-6c2d1e8 {margin-bottom:35px !important;opacity:0.8 !important;}.stk-6c2d1e8 .stk-block-text__text{color:var(u002du002dtheme-palette-color-8, #ffffff) !important;}<\/style><p class=\"stk-block-text__text has-text-color has-palette-color-8-color\">MS Jiu Jitsu<\/p><\/div>\n<\/div><\/div><\/div>\n\n\n\n<div class=\"wp-block-stackable-column stk-block-column stk-column stk-block stk-be63239\" data-v=\"4\" data-block-id=\"be63239\"><style>.stk-be63239-container{margin-top:0px !important;margin-right:0px !important;margin-bottom:0px !important;margin-left:0px !important;}<\/style><div class=\"stk-column-wrapper stk-block-column__content stk-container stk-be63239-container stk--no-background stk--no-padding\"><div class=\"stk-block-content stk-inner-blocks stk-be63239-inner-blocks\"><\/div><\/div><\/div>\n<\/div><\/div>\n\n\n\n<div class=\"wp-block-stackable-columns alignfull stk-block-columns stk-block stk-9eaa88f stk-block-background\" data-block-id=\"9eaa88f\"><style>.stk-9eaa88f {background-color:var(u002du002dtheme-palette-color-4, #030306) !important;padding-top:70px !important;padding-bottom:70px !important;margin-bottom:0px !important;}.stk-9eaa88f:before{background-color:var(u002du002dtheme-palette-color-4, #030306) !important;}.stk-9eaa88f-column{--stk-column-gap:35px !important;}@media screen and (max-width:999px){.stk-9eaa88f-column{--stk-column-gap:25px !important;}}<\/style><div class=\"stk-row stk-inner-blocks stk-block-content stk-content-align stk-9eaa88f-column\">\n<div class=\"wp-block-stackable-column stk-block-column stk-column stk-block stk-b2e4c9d\" data-v=\"4\" data-block-id=\"b2e4c9d\"><style>.stk-b2e4c9d-container{margin-top:0px !important;margin-right:0px !important;margin-bottom:0px !important;margin-left:0px !important;}@media screen and (max-width:999px){.stk-b2e4c9d {margin-bottom:50px !important;}}<\/style><div class=\"stk-column-wrapper stk-block-column__content stk-container stk-b2e4c9d-container stk--no-background stk--no-padding\"><div class=\"stk-block-content stk-inner-blocks stk-b2e4c9d-inner-blocks\">\n<div class=\"wp-block-stackable-heading stk-block-heading stk-block-heading--v2 stk-block stk-0e6eb2f\" data-block-id=\"0e6eb2f\"><style>.stk-0e6eb2f {margin-bottom:10px !important;}.stk-0e6eb2f .stk-block-heading__text{color:var(u002du002dtheme-palette-color-8, #ffffff) !important;}<\/style><h5 class=\"stk-block-heading__text has-text-color has-palette-color-8-color has-text-align-center-mobile\"><\/h5><\/div>\n\n\n\n<div class=\"wp-block-stackable-text stk-block-text stk-block stk-f16cf28\" data-block-id=\"f16cf28\"><p class=\"stk-block-text__text has-text-align-center-mobile\">Skra\u0107eni naziv: <strong>MS JIU-JITSU<\/strong><br><br>Naziv: <strong>JU-JITSU KLUB &#8220;MS JIU-JITSU BD&#8221;<br><\/strong><br>Adresa: <strong>O. Ker\u0161ovanija 1, 40000 \u010cakovec<\/strong><br><br>Djelatnost: <strong>93120, Djelatnosti sportskih klubova<\/strong><br><br>OIB: <strong>28642479840 <\/strong><br>MB: <strong>04423372<\/strong><br><br>Osobe ovla\u0161tene za zastupanje:<br>Alen Kontrec, predsjednik<br>TOMISLAV SOBO\u010cAN, dopredsjednik<br>GORAN DAVID, tajnik<\/p><\/div>\n\n\n\n<p>IBAN:&nbsp;<strong>HR8923400091110739613<\/strong><\/p>\n<\/div><\/div><\/div>\n<\/div><\/div>\n\n\n\n<div class=\"wp-block-stackable-columns alignfull stk-block-columns stk-block stk-be70983\" data-block-id=\"be70983\"><style>.stk-be70983 {margin-top:var(u002du002dstku002du002dpresetu002du002dspacingu002du002d70, 3.38rem) !important;margin-bottom:var(u002du002dstku002du002dpresetu002du002dspacingu002du002d70, 3.38rem) !important;}<\/style><div class=\"stk-row stk-inner-blocks stk-block-content stk-content-align stk-be70983-column alignwide\">\n<div class=\"wp-block-stackable-column stk-block-column stk-column stk-block stk-2bf7fbe\" data-v=\"4\" data-block-id=\"2bf7fbe\"><div class=\"stk-column-wrapper stk-block-column__content stk-container stk-2bf7fbe-container stk--no-background stk--no-padding\"><div class=\"stk-block-content stk-inner-blocks stk-2bf7fbe-inner-blocks\"><\/div><\/div><\/div>\n<\/div><\/div>\n\n\n\n<p><\/p>\n","protected":false},"excerpt":{"rendered":"<p>Podaci udruge MS Jiu Jitsu Skra\u0107eni naziv: MS JIU-JITSU Naziv: JU-JITSU KLUB &#8220;MS JIU-JITSU BD&#8221;Adresa: O. Ker\u0161ovanija 1, 40000 \u010cakovec Djelatnost: 93120, Djelatnosti sportskih klubova OIB: 28642479840 MB: 04423372 Osobe ovla\u0161tene za zastupanje:Alen Kontrec, predsjednikTOMISLAV SOBO\u010cAN, dopredsjednikGORAN DAVID, tajnik IBAN:&nbsp;HR8923400091110739613<\/p>\n","protected":false},"author":1,"featured_media":0,"parent":0,"menu_order":0,"comment_status":"closed","ping_status":"closed","template":"","meta":{"iawp_total_views":4,"footnotes":""},"class_list":["post-842","page","type-page","status-publish","hentry"],"blocksy_meta":{"page_title_panel":"","has_hero_section":"disabled","38c43f55e0a106f2cec06c7b48b05c0c":"","hero_section":"type-1","hero_elements":[{"id":"custom_title","enabled":true,"heading_tag":"h1","title":"Home"},{"id":"custom_description","enabled":true,"description_visibility":{"desktop":true,"tablet":true,"mobile":false}},{"id":"custom_meta","enabled":false,"meta_elements":[{"id":"author","enabled":true,"label":"By","has_author_avatar":"yes","avatar_size":25},{"id":"post_date","enabled":true,"label":"On","date_format_source":"default","date_format":"M j, Y"},{"id":"updated_date","enabled":false,"label":"On","date_format_source":"default","date_format":"M j, Y"},{"id":"categories","enabled":false,"label":"In","style":"simple"},{"id":"comments","enabled":true}],"page_meta_elements":{"joined":true,"articles_count":true,"comments":true}},{"id":"breadcrumbs","enabled":false}],"bb192f02133ce16ebe1ccca3234ec8ca":"","hero_alignment1":"CT_CSS_SKIP_RULE","hero_margin":40,"hero_alignment2":"center","hero_vertical_alignment":"center","a40283cb647174cb7b947f97142b28a2":"","hero_structure":"narrow","6a9fbbb6d7cc25749d3953948588abf2":"","page_title_bg_type":"featured_image","custom_hero_background":{"attachment_id":null},"parallax":{"desktop":false,"tablet":false,"mobile":false},"d0af0dbf3561e32bb110fb12cbde1435":"","hero_height":"250px","pageTitleFont":{"family":"Default","variation":"Default","size":"30px","line-height":"CT_CSS_SKIP_RULE","letter-spacing":"CT_CSS_SKIP_RULE","text-transform":"CT_CSS_SKIP_RULE","text-decoration":"CT_CSS_SKIP_RULE"},"pageTitleFontColor":{"default":{"color":"CT_CSS_SKIP_RULEDEFAULT"}},"pageMetaFont":{"family":"Default","variation":"n6","size":"12px","line-height":"1.3","letter-spacing":"CT_CSS_SKIP_RULE","text-transform":"uppercase","text-decoration":"CT_CSS_SKIP_RULE"},"pageMetaFontColor":{"default":{"color":"CT_CSS_SKIP_RULEDEFAULT"},"hover":{"color":"CT_CSS_SKIP_RULEDEFAULT"}},"page_meta_button_type_font_colors":{"default":{"color":"CT_CSS_SKIP_RULEDEFAULT"},"hover":{"color":"CT_CSS_SKIP_RULEDEFAULT"}},"page_meta_button_type_background_colors":{"default":{"color":"CT_CSS_SKIP_RULEDEFAULT"},"hover":{"color":"CT_CSS_SKIP_RULEDEFAULT"}},"pageExcerptFont":{"family":"Default","variation":"Default","size":"CT_CSS_SKIP_RULE","line-height":"CT_CSS_SKIP_RULE","letter-spacing":"CT_CSS_SKIP_RULE","text-transform":"CT_CSS_SKIP_RULE","text-decoration":"CT_CSS_SKIP_RULE"},"pageExcerptColor":{"default":{"color":"CT_CSS_SKIP_RULEDEFAULT"}},"breadcrumbsFont":{"family":"Default","variation":"Default","size":"CT_CSS_SKIP_RULE","line-height":"CT_CSS_SKIP_RULE","letter-spacing":"CT_CSS_SKIP_RULE","text-transform":"CT_CSS_SKIP_RULE","text-decoration":"CT_CSS_SKIP_RULE"},"breadcrumbsFontColor":{"default":{"color":"CT_CSS_SKIP_RULEDEFAULT"},"initial":{"color":"CT_CSS_SKIP_RULEDEFAULT"},"hover":{"color":"CT_CSS_SKIP_RULEDEFAULT"}},"pageTitleOverlay":{"background_type":"color","background_pattern":"type-1","background_image":{"attachment_id":null,"x":0,"y":0},"gradient":"linear-gradient(135deg,rgba(6,147,227,1) 0%,rgb(155,81,224) 100%)","background_repeat":"repeat","background_size":"auto","background_attachment":"scroll","patternColor":{"default":{"color":"#e5e7ea"}},"overlayColor":{"default":{"color":"CT_CSS_SKIP_RULE"}},"backgroundColor":{"default":{"color":"CT_CSS_SKIP_RULE"}}},"pageTitleBackground":{"background_type":"color","background_pattern":"type-1","background_image":{"attachment_id":null,"x":0,"y":0},"gradient":"linear-gradient(135deg,rgba(6,147,227,1) 0%,rgb(155,81,224) 100%)","background_repeat":"repeat","background_size":"auto","background_attachment":"scroll","patternColor":{"default":{"color":"#e5e7ea"}},"overlayColor":{"default":{"color":"CT_CSS_SKIP_RULE"}},"backgroundColor":{"default":{"color":"var(--theme-palette-color-6)"}}},"pageTitlePadding":{"top":"50px","bottom":"50px","left":"auto","right":"auto","linked":true},"235c5bafcddf850b508a121177fb8bdd":"","page_structure_type":"default","9b375d01d481cff83a60ed8670bf6ce8":"","content_style_source":"inherit","content_style":"wide","vertical_spacing_source":"custom","content_area_spacing":"none","background":{"background_type":"color","background_pattern":"type-1","background_image":{"attachment_id":null,"x":0,"y":0},"gradient":"linear-gradient(135deg,rgba(6,147,227,1) 0%,rgb(155,81,224) 100%)","background_repeat":"repeat","background_size":"auto","background_attachment":"scroll","patternColor":{"default":{"color":"#e5e7ea"}},"overlayColor":{"default":{"color":"CT_CSS_SKIP_RULE"}},"backgroundColor":{"default":{"color":"CT_CSS_SKIP_RULE"}}},"content_background":{"background_type":"color","background_pattern":"type-1","background_image":{"attachment_id":null,"x":0,"y":0},"gradient":"linear-gradient(135deg,rgba(6,147,227,1) 0%,rgb(155,81,224) 100%)","background_repeat":"repeat","background_size":"auto","background_attachment":"scroll","patternColor":{"default":{"color":"#e5e7ea"}},"overlayColor":{"default":{"color":"CT_CSS_SKIP_RULE"}},"backgroundColor":{"default":{"color":"var(--theme-palette-color-8)"}}},"content_boxed_shadow":{"inherit":false,"blur":18,"spread":-6,"v_offset":12,"h_offset":0,"inset":false,"enable":true,"color":{"color":"rgba(34, 56, 101, 0.04)"}},"boxed_content_spacing":{"desktop":{"top":"40px","bottom":"40px","left":"40px","right":"40px","linked":true},"tablet":{"top":"35px","bottom":"35px","left":"35px","right":"35px","linked":true},"mobile":{"top":"20px","bottom":"20px","left":"20px","right":"20px","linked":true}},"content_boxed_radius":{"top":"3px","bottom":"3px","left":"3px","right":"3px","linked":true},"046a21f0c823ce2434c800d9e55e5cda":"","disable_featured_image":"no","disable_header":"no","disable_footer":"no","styles_descriptor":{"styles":{"desktop":"","tablet":"","mobile":""},"google_fonts":[],"version":6}},"_links":{"self":[{"href":"https:\/\/www.msjiujitsu.hr\/index.php\/wp-json\/wp\/v2\/pages\/842","targetHints":{"allow":["GET"]}}],"collection":[{"href":"https:\/\/www.msjiujitsu.hr\/index.php\/wp-json\/wp\/v2\/pages"}],"about":[{"href":"https:\/\/www.msjiujitsu.hr\/index.php\/wp-json\/wp\/v2\/types\/page"}],"author":[{"embeddable":true,"href":"https:\/\/www.msjiujitsu.hr\/index.php\/wp-json\/wp\/v2\/users\/1"}],"replies":[{"embeddable":true,"href":"https:\/\/www.msjiujitsu.hr\/index.php\/wp-json\/wp\/v2\/comments?post=842"}],"version-history":[{"count":0,"href":"https:\/\/www.msjiujitsu.hr\/index.php\/wp-json\/wp\/v2\/pages\/842\/revisions"}],"wp:attachment":[{"href":"https:\/\/www.msjiujitsu.hr\/index.php\/wp-json\/wp\/v2\/media?parent=842"}],"curies":[{"name":"wp","href":"https:\/\/api.w.org\/{rel}","templated":true}]}}