{"id":781,"date":"2026-03-19T10:00:12","date_gmt":"2026-03-19T10:00:12","guid":{"rendered":"https:\/\/msjiujitsu.wasmer.app\/?page_id=781"},"modified":"2026-03-19T10:00:48","modified_gmt":"2026-03-19T10:00:48","slug":"cjenik","status":"publish","type":"page","link":"https:\/\/www.msjiujitsu.hr\/index.php\/cjenik\/","title":{"rendered":"Cjenik"},"content":{"rendered":"\n<div class=\"wp-block-stackable-columns alignfull stk-block-columns stk-block stk-e6999a1 stk-block-background stk--has-background-overlay\" data-block-id=\"e6999a1\"><style>.stk-e6999a1 {background-image:url(https:\/\/msjiujitsu.wasmer.app\/wp-content\/uploads\/2026\/03\/2301b50a-9186-4869-8519-7368bf7711d2.png) !important;background-blend-mode:multiply !important;padding-top:270px !important;padding-bottom:150px !important;margin-bottom:0px !important;}.stk-e6999a1:before{background-color:#000000 !important;opacity:0.3 !important;}@media screen and (max-width:999px){.stk-e6999a1 {padding-top:200px !important;padding-bottom:140px !important;}}@media screen and (max-width:689px){.stk-e6999a1 {padding-top:170px !important;padding-bottom:100px !important;}}<\/style><div class=\"stk-row stk-inner-blocks has-text-align-center-mobile stk-block-content stk-content-align stk-e6999a1-column\">\n<div class=\"wp-block-stackable-column stk-block-column stk-column stk-block stk-254757e\" data-v=\"4\" data-block-id=\"254757e\"><style>.stk-254757e-container{margin-top:0px !important;margin-right:0px !important;margin-bottom:0px !important;margin-left:0px !important;}@media screen and (min-width:690px) and (max-width:999px){.stk-254757e {flex:var(--stk-flex-grow, 1) 1 75% !important;}}<\/style><div class=\"stk-column-wrapper stk-block-column__content stk-container stk-254757e-container stk--no-background stk--no-padding\"><div class=\"stk-block-content stk-inner-blocks stk-254757e-inner-blocks\">\n<div class=\"wp-block-stackable-heading stk-block-heading stk-block-heading--v2 stk-block stk-e7b70bd\" id=\"meta-charset-utf-8-meta-ms-jiu-jitsu-klub-na-svojim-treninzima-srdacno-prima-clanove-drugih-klubova-iz-bilo-koje-drzave-uz-navedene-treninge-iz-donje-tablice-postoji-mogucnost-dodatnih-treninga-po-dogovoru-clanova-ili-otkazivanja-u-slucaju-vise-sile-za-moguce-promjene-molimo-pratite-neku-od-drustvenih-mreza\" data-block-id=\"e7b70bd\"><style>.stk-e7b70bd {border-style:solid !important;border-top-width:0px !important;border-right-width:0px !important;border-bottom-width:0px !important;border-left-width:0px !important;margin-bottom:20px !important;}.stk-e7b70bd .stk-block-heading__text{font-size:18px !important;color:var(u002du002dtheme-palette-color-8, #ffffff) !important;line-height:1.4em !important;}@media screen and (max-width:999px){.stk-e7b70bd .stk-block-heading__text{font-size:40px !important;}}@media screen and (max-width:689px){.stk-e7b70bd .stk-block-heading__text{font-size:30px !important;}}<\/style><h6 class=\"stk-block-heading__text has-text-color has-palette-color-8-color\"><meta charset=\"utf-8\"><\/meta>Cijena treniranja u MS Jiu Jitsu klubu ovisi o Va\u0161em tjednom broju dolazaka, statusu zaposlenja&#8230;<\/h6><\/div>\n\n\n\n<ul class=\"wp-block-list\">\n<li class=\"has-palette-color-7-color has-text-color has-link-color wp-elements-35f72f6b5d435b16e7d88702befbf600\" style=\"border-style:none;border-width:0px\"><strong>Nu<\/strong>dimo i drop in mogu\u0107nost (dolazak na trening kao ne-\u010dlan klub)<\/li>\n\n\n\n<li class=\"has-palette-color-7-color has-text-color has-link-color wp-elements-f6cc0e4f6583f10e88d467c2226ddbe1\" style=\"border-style:none;border-width:0px\"><strong>Posebni popust<\/strong>i u kooperaciji s drugim udrugama<\/li>\n\n\n\n<li class=\"has-palette-color-7-color has-text-color has-link-color wp-elements-9c5fc192fb28d0f8dfaf007cbba1204f\" style=\"border-style:none;border-width:0px\"><strong>Posebne akcije koje su navedene na na\u0161im dru\u0161tvenim mre\u017eama<\/strong><\/li>\n\n\n\n<li class=\"has-palette-color-7-color has-text-color has-link-color wp-elements-df36e0dca10253c4a97956ccc3c7a684\" style=\"border-style:none;border-width:0px\"><strong>Prvi trening GRATIS!<\/strong><\/li>\n<\/ul>\n<\/div><\/div><\/div>\n\n\n\n<div class=\"wp-block-stackable-column stk-block-column stk-column stk-block stk-be63239\" data-v=\"4\" data-block-id=\"be63239\"><style>.stk-be63239-container{margin-top:0px !important;margin-right:0px !important;margin-bottom:0px !important;margin-left:0px !important;}<\/style><div class=\"stk-column-wrapper stk-block-column__content stk-container stk-be63239-container stk--no-background stk--no-padding\"><div class=\"stk-block-content stk-inner-blocks stk-be63239-inner-blocks\"><\/div><\/div><\/div>\n<\/div><\/div>\n\n\n\n<div class=\"wp-block-stackable-spacer stk-block-spacer stk--no-padding stk-block stk-ef43a8f\" data-block-id=\"ef43a8f\"><style>.stk-ef43a8f {height:50px !important;}<\/style><\/div>\n\n\n\n<div class=\"wp-block-stackable-text stk-block-text stk-block stk-c232462\" data-block-id=\"c232462\"><style>.stk-c232462 .stk-block-text__text{font-size:var(--stk--preset--font-size--medium, 20px) !important;font-weight:bold !important;}@media screen and (max-width:999px){.stk-c232462 .stk-block-text__text{font-size:var(--stk--preset--font-size--medium, 20px) !important;}}<\/style><p class=\"stk-block-text__text has-text-align-center\">Redovni \u010dlanovi<\/p><\/div>\n\n\n\n<figure class=\"wp-block-table is-style-stripes\"><table class=\"has-fixed-layout\" style=\"border-width:3px\"><tbody><tr><td class=\"has-text-align-center\" data-align=\"center\"><strong>4 treninga tjedno<\/strong><\/td><td class=\"has-text-align-center\" data-align=\"center\">45 \u20ac \/ <strong>mjese\u010dno<\/strong><\/td><\/tr><tr><td class=\"has-text-align-center\" data-align=\"center\"><strong>3 treninga tjedno<\/strong><\/td><td class=\"has-text-align-center\" data-align=\"center\">35 \u20ac \/ <strong>mjese\u010dno<\/strong><\/td><\/tr><tr><td class=\"has-text-align-center\" data-align=\"center\"><strong>2 treninga tjedno<\/strong><\/td><td class=\"has-text-align-center\" data-align=\"center\">25 \u20ac \/ <strong>mjese\u010dno<\/strong><\/td><\/tr><tr><td class=\"has-text-align-center\" data-align=\"center\"><strong>Po dolasku (drop-in)<\/strong><\/td><td class=\"has-text-align-center\" data-align=\"center\">8 \u20ac \/ <strong>trening<\/strong><\/td><\/tr><\/tbody><\/table><\/figure>\n\n\n\n<div class=\"wp-block-stackable-text stk-block-text stk-block stk-add3a34\" data-block-id=\"add3a34\"><style>.stk-add3a34 .stk-block-text__text{font-size:var(--stk--preset--font-size--medium, 20px) !important;font-weight:bold !important;}@media screen and (max-width:999px){.stk-add3a34 .stk-block-text__text{font-size:var(--stk--preset--font-size--medium, 20px) !important;}}<\/style><p class=\"stk-block-text__text has-text-align-center\">U\u010denici i studenti<\/p><\/div>\n\n\n\n<figure class=\"wp-block-table is-style-stripes\"><table class=\"has-fixed-layout\" style=\"border-width:3px\"><tbody><tr><td class=\"has-text-align-center\" data-align=\"center\"><strong>4 treninga tjedno<\/strong><\/td><td class=\"has-text-align-center\" data-align=\"center\">35 \u20ac \/ <strong>mjese\u010dno<\/strong><\/td><\/tr><tr><td class=\"has-text-align-center\" data-align=\"center\"><strong>3 treninga tjedno<\/strong><\/td><td class=\"has-text-align-center\" data-align=\"center\">25 \u20ac \/ <strong>mjese\u010dno<\/strong><\/td><\/tr><tr><td class=\"has-text-align-center\" data-align=\"center\"><strong>2 treninga tjedno<\/strong><\/td><td class=\"has-text-align-center\" data-align=\"center\">20 \u20ac \/ <strong>mjese\u010dno<\/strong><\/td><\/tr><tr><td class=\"has-text-align-center\" data-align=\"center\"><strong>Po dolasku (drop-in)<\/strong><\/td><td class=\"has-text-align-center\" data-align=\"center\">6 \u20ac \/ <strong>trening<\/strong><\/td><\/tr><\/tbody><\/table><\/figure>\n\n\n\n<div class=\"wp-block-stackable-text stk-block-text stk-block stk-d231cd0\" data-block-id=\"d231cd0\"><style>.stk-d231cd0 .stk-block-text__text{font-size:var(--stk--preset--font-size--medium, 20px) !important;font-weight:bold !important;}@media screen and (max-width:999px){.stk-d231cd0 .stk-block-text__text{font-size:var(--stk--preset--font-size--medium, 20px) !important;}}<\/style><p class=\"stk-block-text__text has-text-align-center\">Godi\u0161nje \u010dlanarine (plati\u0161 10 &#8211; trenira\u0161 12 mjeseci)<\/p><\/div>\n\n\n\n<figure class=\"wp-block-table is-style-stripes\"><table class=\"has-fixed-layout\" style=\"border-width:3px\"><tbody><tr><td class=\"has-text-align-center\" data-align=\"center\"><strong>Redovni \u010dlan (4x tjedno)<\/strong><\/td><td class=\"has-text-align-center\" data-align=\"center\">450 \u20ac \/ <strong>godina<\/strong><\/td><\/tr><tr><td class=\"has-text-align-center\" data-align=\"center\"><strong><strong>Redovni \u010dlan (2x tjedno)<\/strong><\/strong><\/td><td class=\"has-text-align-center\" data-align=\"center\">350 \u20ac \/ <strong>godina<\/strong><\/td><\/tr><tr><td class=\"has-text-align-center\" data-align=\"center\"><strong>U\u010denik \/ student (4x tjedno)<\/strong><\/td><td class=\"has-text-align-center\" data-align=\"center\">350 \u20ac \/ <strong>godina<\/strong><\/td><\/tr><tr><td class=\"has-text-align-center\" data-align=\"center\"><strong><strong>U\u010denik \/ student (3x tjedno)<\/strong><\/strong><\/td><td class=\"has-text-align-center\" data-align=\"center\">250 \u20ac \/ <strong>godina<\/strong><\/td><\/tr><\/tbody><\/table><\/figure>\n\n\n\n<p>Uplatu mo\u017eete izvr\u0161iti na ra\u010dun kluba:<br>IBAN: <strong>HR8923400091110739613<\/strong><\/p>\n\n\n\n<p>Gore navedeni cjenik vrijedi od 1.11.2025.<\/p>\n\n\n\n<div class=\"wp-block-stackable-spacer stk-block-spacer stk--no-padding stk-block stk-488bc37\" data-block-id=\"488bc37\"><style>.stk-488bc37 {height:35px !important;}<\/style><\/div>\n","protected":false},"excerpt":{"rendered":"<p>Cijena treniranja u MS Jiu Jitsu klubu ovisi o Va\u0161em tjednom broju dolazaka, statusu zaposlenja&#8230; Redovni \u010dlanovi 4 treninga tjedno 45 \u20ac \/ mjese\u010dno 3 treninga tjedno 35 \u20ac \/ mjese\u010dno 2 treninga tjedno 25 \u20ac \/ mjese\u010dno Po dolasku (drop-in) 8 \u20ac \/ trening U\u010denici i studenti 4 treninga tjedno 35 \u20ac \/ mjese\u010dno [&hellip;]<\/p>\n","protected":false},"author":1,"featured_media":0,"parent":0,"menu_order":0,"comment_status":"closed","ping_status":"closed","template":"","meta":{"iawp_total_views":36,"footnotes":""},"class_list":["post-781","page","type-page","status-publish","hentry"],"blocksy_meta":{"page_title_panel":"","has_hero_section":"disabled","38c43f55e0a106f2cec06c7b48b05c0c":"","hero_section":"type-1","hero_elements":[{"id":"custom_title","enabled":true,"heading_tag":"h1","title":"Home"},{"id":"custom_description","enabled":true,"description_visibility":{"desktop":true,"tablet":true,"mobile":false}},{"id":"custom_meta","enabled":false,"meta_elements":[{"id":"author","enabled":true,"label":"By","has_author_avatar":"yes","avatar_size":25},{"id":"post_date","enabled":true,"label":"On","date_format_source":"default","date_format":"M j, Y"},{"id":"updated_date","enabled":false,"label":"On","date_format_source":"default","date_format":"M j, Y"},{"id":"categories","enabled":false,"label":"In","style":"simple"},{"id":"comments","enabled":true}],"page_meta_elements":{"joined":true,"articles_count":true,"comments":true}},{"id":"breadcrumbs","enabled":false}],"bb192f02133ce16ebe1ccca3234ec8ca":"","hero_alignment1":"CT_CSS_SKIP_RULE","hero_margin":40,"hero_alignment2":"center","hero_vertical_alignment":"center","a40283cb647174cb7b947f97142b28a2":"","hero_structure":"narrow","6a9fbbb6d7cc25749d3953948588abf2":"","page_title_bg_type":"featured_image","custom_hero_background":{"attachment_id":null},"parallax":{"desktop":false,"tablet":false,"mobile":false},"d0af0dbf3561e32bb110fb12cbde1435":"","hero_height":"250px","pageTitleFont":{"family":"Default","variation":"Default","size":"30px","line-height":"CT_CSS_SKIP_RULE","letter-spacing":"CT_CSS_SKIP_RULE","text-transform":"CT_CSS_SKIP_RULE","text-decoration":"CT_CSS_SKIP_RULE"},"pageTitleFontColor":{"default":{"color":"CT_CSS_SKIP_RULEDEFAULT"}},"pageMetaFont":{"family":"Default","variation":"n6","size":"12px","line-height":"1.3","letter-spacing":"CT_CSS_SKIP_RULE","text-transform":"uppercase","text-decoration":"CT_CSS_SKIP_RULE"},"pageMetaFontColor":{"default":{"color":"CT_CSS_SKIP_RULEDEFAULT"},"hover":{"color":"CT_CSS_SKIP_RULEDEFAULT"}},"page_meta_button_type_font_colors":{"default":{"color":"CT_CSS_SKIP_RULEDEFAULT"},"hover":{"color":"CT_CSS_SKIP_RULEDEFAULT"}},"page_meta_button_type_background_colors":{"default":{"color":"CT_CSS_SKIP_RULEDEFAULT"},"hover":{"color":"CT_CSS_SKIP_RULEDEFAULT"}},"pageExcerptFont":{"family":"Default","variation":"Default","size":"CT_CSS_SKIP_RULE","line-height":"CT_CSS_SKIP_RULE","letter-spacing":"CT_CSS_SKIP_RULE","text-transform":"CT_CSS_SKIP_RULE","text-decoration":"CT_CSS_SKIP_RULE"},"pageExcerptColor":{"default":{"color":"CT_CSS_SKIP_RULEDEFAULT"}},"breadcrumbsFont":{"family":"Default","variation":"Default","size":"CT_CSS_SKIP_RULE","line-height":"CT_CSS_SKIP_RULE","letter-spacing":"CT_CSS_SKIP_RULE","text-transform":"CT_CSS_SKIP_RULE","text-decoration":"CT_CSS_SKIP_RULE"},"breadcrumbsFontColor":{"default":{"color":"CT_CSS_SKIP_RULEDEFAULT"},"initial":{"color":"CT_CSS_SKIP_RULEDEFAULT"},"hover":{"color":"CT_CSS_SKIP_RULEDEFAULT"}},"pageTitleOverlay":{"background_type":"color","background_pattern":"type-1","background_image":{"attachment_id":null,"x":0,"y":0},"gradient":"linear-gradient(135deg,rgba(6,147,227,1) 0%,rgb(155,81,224) 100%)","background_repeat":"repeat","background_size":"auto","background_attachment":"scroll","patternColor":{"default":{"color":"#e5e7ea"}},"overlayColor":{"default":{"color":"CT_CSS_SKIP_RULE"}},"backgroundColor":{"default":{"color":"CT_CSS_SKIP_RULE"}}},"pageTitleBackground":{"background_type":"color","background_pattern":"type-1","background_image":{"attachment_id":null,"x":0,"y":0},"gradient":"linear-gradient(135deg,rgba(6,147,227,1) 0%,rgb(155,81,224) 100%)","background_repeat":"repeat","background_size":"auto","background_attachment":"scroll","patternColor":{"default":{"color":"#e5e7ea"}},"overlayColor":{"default":{"color":"CT_CSS_SKIP_RULE"}},"backgroundColor":{"default":{"color":"var(--theme-palette-color-6)"}}},"pageTitlePadding":{"top":"50px","bottom":"50px","left":"auto","right":"auto","linked":true},"235c5bafcddf850b508a121177fb8bdd":"","page_structure_type":"default","9b375d01d481cff83a60ed8670bf6ce8":"","content_style_source":"inherit","content_style":"wide","vertical_spacing_source":"custom","content_area_spacing":"none","background":{"background_type":"color","background_pattern":"type-1","background_image":{"attachment_id":null,"x":0,"y":0},"gradient":"linear-gradient(135deg,rgba(6,147,227,1) 0%,rgb(155,81,224) 100%)","background_repeat":"repeat","background_size":"auto","background_attachment":"scroll","patternColor":{"default":{"color":"#e5e7ea"}},"overlayColor":{"default":{"color":"CT_CSS_SKIP_RULE"}},"backgroundColor":{"default":{"color":"CT_CSS_SKIP_RULE"}}},"content_background":{"background_type":"color","background_pattern":"type-1","background_image":{"attachment_id":null,"x":0,"y":0},"gradient":"linear-gradient(135deg,rgba(6,147,227,1) 0%,rgb(155,81,224) 100%)","background_repeat":"repeat","background_size":"auto","background_attachment":"scroll","patternColor":{"default":{"color":"#e5e7ea"}},"overlayColor":{"default":{"color":"CT_CSS_SKIP_RULE"}},"backgroundColor":{"default":{"color":"var(--theme-palette-color-8)"}}},"content_boxed_shadow":{"inherit":false,"blur":18,"spread":-6,"v_offset":12,"h_offset":0,"inset":false,"enable":true,"color":{"color":"rgba(34, 56, 101, 0.04)"}},"boxed_content_spacing":{"desktop":{"top":"40px","bottom":"40px","left":"40px","right":"40px","linked":true},"tablet":{"top":"35px","bottom":"35px","left":"35px","right":"35px","linked":true},"mobile":{"top":"20px","bottom":"20px","left":"20px","right":"20px","linked":true}},"content_boxed_radius":{"top":"3px","bottom":"3px","left":"3px","right":"3px","linked":true},"046a21f0c823ce2434c800d9e55e5cda":"","disable_featured_image":"no","disable_header":"no","disable_footer":"no","styles_descriptor":{"styles":{"desktop":"","tablet":"","mobile":""},"google_fonts":[],"version":6}},"_links":{"self":[{"href":"https:\/\/www.msjiujitsu.hr\/index.php\/wp-json\/wp\/v2\/pages\/781","targetHints":{"allow":["GET"]}}],"collection":[{"href":"https:\/\/www.msjiujitsu.hr\/index.php\/wp-json\/wp\/v2\/pages"}],"about":[{"href":"https:\/\/www.msjiujitsu.hr\/index.php\/wp-json\/wp\/v2\/types\/page"}],"author":[{"embeddable":true,"href":"https:\/\/www.msjiujitsu.hr\/index.php\/wp-json\/wp\/v2\/users\/1"}],"replies":[{"embeddable":true,"href":"https:\/\/www.msjiujitsu.hr\/index.php\/wp-json\/wp\/v2\/comments?post=781"}],"version-history":[{"count":0,"href":"https:\/\/www.msjiujitsu.hr\/index.php\/wp-json\/wp\/v2\/pages\/781\/revisions"}],"wp:attachment":[{"href":"https:\/\/www.msjiujitsu.hr\/index.php\/wp-json\/wp\/v2\/media?parent=781"}],"curies":[{"name":"wp","href":"https:\/\/api.w.org\/{rel}","templated":true}]}}