{"id":731,"date":"2026-03-13T10:24:51","date_gmt":"2026-03-13T10:24:51","guid":{"rendered":"https:\/\/msjiujitsu.wasmer.app\/?page_id=731"},"modified":"2026-03-18T12:18:48","modified_gmt":"2026-03-18T12:18:48","slug":"tjedni-raspored-treninga","status":"publish","type":"page","link":"https:\/\/www.msjiujitsu.hr\/index.php\/tjedni-raspored-treninga\/","title":{"rendered":"Tjedni raspored treninga"},"content":{"rendered":"\n<div class=\"wp-block-stackable-columns alignfull stk-block-columns stk-block stk-e6999a1 stk-block-background stk--has-background-overlay\" data-block-id=\"e6999a1\"><style>.stk-e6999a1 {background-image:url(https:\/\/msjiujitsu.wasmer.app\/wp-content\/uploads\/2026\/03\/dfe315e3-2b76-4dc6-9414-b14b25c6a483.png) !important;background-blend-mode:multiply !important;padding-top:270px !important;padding-bottom:150px !important;margin-bottom:0px !important;}.stk-e6999a1:before{background-color:#000000 !important;opacity:0.3 !important;}@media screen and (max-width:999px){.stk-e6999a1 {padding-top:200px !important;padding-bottom:140px !important;}}@media screen and (max-width:689px){.stk-e6999a1 {padding-top:170px !important;padding-bottom:100px !important;}}<\/style><div class=\"stk-row stk-inner-blocks has-text-align-center-mobile stk-block-content stk-content-align stk-e6999a1-column\">\n<div class=\"wp-block-stackable-column stk-block-column stk-column stk-block stk-254757e\" data-v=\"4\" data-block-id=\"254757e\"><style>.stk-254757e-container{margin-top:0px !important;margin-right:0px !important;margin-bottom:0px !important;margin-left:0px !important;}@media screen and (min-width:690px) and (max-width:999px){.stk-254757e {flex:var(--stk-flex-grow, 1) 1 75% !important;}}<\/style><div class=\"stk-column-wrapper stk-block-column__content stk-container stk-254757e-container stk--no-background stk--no-padding\"><div class=\"stk-block-content stk-inner-blocks stk-254757e-inner-blocks\">\n<div class=\"wp-block-stackable-heading stk-block-heading stk-block-heading--v2 stk-block stk-e7b70bd\" id=\"meta-charset-utf-8-meta-ms-jiu-jitsu-klub-na-svojim-treninzima-srdacno-prima-clanove-drugih-klubova-iz-bilo-koje-drzave-uz-navedene-treninge-iz-donje-tablice-postoji-mogucnost-dodatnih-treninga-po-dogovoru-clanova-ili-otkazivanja-u-slucaju-vise-sile-za-moguce-promjene-molimo-pratite-neku-od-drustvenih-mreza\" data-block-id=\"e7b70bd\"><style>.stk-e7b70bd {border-style:solid !important;border-top-width:0px !important;border-right-width:0px !important;border-bottom-width:0px !important;border-left-width:0px !important;margin-bottom:20px !important;}.stk-e7b70bd .stk-block-heading__text{font-size:18px !important;color:var(u002du002dtheme-palette-color-8, #ffffff) !important;line-height:1.4em !important;}@media screen and (max-width:999px){.stk-e7b70bd .stk-block-heading__text{font-size:40px !important;}}@media screen and (max-width:689px){.stk-e7b70bd .stk-block-heading__text{font-size:30px !important;}}<\/style><h6 class=\"stk-block-heading__text has-text-color has-palette-color-8-color\"><meta charset=\"utf-8\">MS Jiu Jitsu klub na svojim treninzima srda\u010dno prima \u010dlanove drugih klubova iz bilo koje dr\u017eave. Uz navedene treninge iz donje tablice postoji mogu\u0107nost dodatnih treninga po dogovoru \u010dlanova (ili otkazivanja u slu\u010daju vi\u0161e sile). Za mogu\u0107e promjene molimo pratite neku od dru\u0161tvenih mre\u017ea.<\/h6><\/div>\n\n\n\n<div class=\"wp-block-stackable-text stk-block-text stk-block stk-6c2d1e8\" data-block-id=\"6c2d1e8\"><style>.stk-6c2d1e8 {margin-bottom:10px !important;opacity:0.8 !important;}.stk-6c2d1e8 .stk-block-text__text{color:var(u002du002dtheme-palette-color-8, #ffffff) !important;}<\/style><p class=\"stk-block-text__text has-text-color has-palette-color-8-color\"><\/p><\/div>\n\n\n\n<ul class=\"wp-block-list\">\n<li class=\"has-palette-color-7-color has-text-color has-link-color wp-elements-b3ec9690609291470f52a371a2850652\" style=\"border-style:none;border-width:0px\"><strong>NoGi: Bez kimona (Gi-a), dobrodo\u0161le sve grupe<\/strong><\/li>\n\n\n\n<li class=\"has-palette-color-7-color has-text-color has-link-color wp-elements-9320883ba4686eb844268ce006dd13f5\" style=\"border-style:none;border-width:0px\"><strong>Napredna grupa: Plavi pojasi i vi\u0161e, dobrodo\u0161li i po\u010detnici<\/strong><\/li>\n\n\n\n<li class=\"has-palette-color-7-color has-text-color has-link-color wp-elements-e78b51b9b600bda5769d9f9e97445726\" style=\"border-style:none;border-width:0px\"><strong>Po\u010detni\u010dka grupa: Po\u010detni\u010dke tehnike, bez spariranja<\/strong><\/li>\n\n\n\n<li class=\"has-palette-color-7-color has-text-color has-link-color wp-elements-8fe32b2916f716ea41f2e3f79aa24c83\" style=\"border-style:none;border-width:0px\"><strong>Open Mat: Sparing trening, dobrodo\u0161le sve grupacije i gosti, Gi\/NoGi, MMA<\/strong><\/li>\n<\/ul>\n<\/div><\/div><\/div>\n\n\n\n<div class=\"wp-block-stackable-column stk-block-column stk-column stk-block stk-be63239\" data-v=\"4\" data-block-id=\"be63239\"><style>.stk-be63239-container{margin-top:0px !important;margin-right:0px !important;margin-bottom:0px !important;margin-left:0px !important;}<\/style><div class=\"stk-column-wrapper stk-block-column__content stk-container stk-be63239-container stk--no-background stk--no-padding\"><div class=\"stk-block-content stk-inner-blocks stk-be63239-inner-blocks\"><\/div><\/div><\/div>\n<\/div><\/div>\n\n\n\n<div class=\"wp-block-stackable-spacer stk-block-spacer stk--no-padding stk-block stk-ef43a8f\" data-block-id=\"ef43a8f\"><style>.stk-ef43a8f {height:60px !important;}<\/style><\/div>\n\n\n\n<figure class=\"wp-block-table is-style-stripes\"><table class=\"has-fixed-layout\" style=\"border-width:3px\"><tbody><tr><td class=\"has-text-align-center\" data-align=\"center\">Ponedjeljak<\/td><td class=\"has-text-align-center\" data-align=\"center\"><strong>NoGi<\/strong><br> 18:00h &#8211; 19:00h <strong>Po\u010detnici<\/strong><br> 19:00h &#8211; 20:30h <strong>Napredni<\/strong><\/td><\/tr><tr><td class=\"has-text-align-center\" data-align=\"center\">Utorak<\/td><td class=\"has-text-align-center\" data-align=\"center\"><strong>Gi<\/strong><br> 19:00h &#8211; 20:00h <strong>Po\u010detnici<\/strong><\/td><\/tr><tr><td class=\"has-text-align-center\" data-align=\"center\">Srijeda<\/td><td class=\"has-text-align-center\" data-align=\"center\"><strong>NoGi<\/strong><br>  19:00h &#8211; 20:30h <strong>Sve grupe<\/strong><\/td><\/tr><tr><td class=\"has-text-align-center\" data-align=\"center\">\u010cetvrtak<\/td><td class=\"has-text-align-center\" data-align=\"center\"><strong>Gi<\/strong><br> 19:00h &#8211; 20:00h <strong>Po\u010detnici<\/strong><\/td><\/tr><tr><td class=\"has-text-align-center\" data-align=\"center\">Petak<\/td><td class=\"has-text-align-center\" data-align=\"center\"><strong>Gi<\/strong><br> 18:00h &#8211; 19:00h <strong>Po\u010detnici<\/strong><br> 19:00h &#8211; 20:30h <strong>Napredni<\/strong><\/td><\/tr><tr><td class=\"has-text-align-center\" data-align=\"center\">Subota<\/td><td class=\"has-text-align-center\" data-align=\"center\"><strong>Open Mat &#8211; Gi &amp; NoGi<br><\/strong> 15:00h &#8211; 16:30h <strong>Sve grupe<\/strong><\/td><\/tr><tr><td class=\"has-text-align-center\" data-align=\"center\">Nedjelja<\/td><td class=\"has-text-align-center\" data-align=\"center\"><strong>Dan odmora!<\/strong><\/td><\/tr><\/tbody><\/table><\/figure>\n\n\n\n<p><\/p>\n","protected":false},"excerpt":{"rendered":"<p>MS Jiu Jitsu klub na svojim treninzima srda\u010dno prima \u010dlanove drugih klubova iz bilo koje dr\u017eave. Uz navedene treninge iz donje tablice postoji mogu\u0107nost dodatnih treninga po dogovoru \u010dlanova (ili otkazivanja u slu\u010daju vi\u0161e sile). Za mogu\u0107e promjene molimo pratite neku od dru\u0161tvenih mre\u017ea. Ponedjeljak NoGi 18:00h &#8211; 19:00h Po\u010detnici 19:00h &#8211; 20:30h Napredni Utorak [&hellip;]<\/p>\n","protected":false},"author":1,"featured_media":0,"parent":0,"menu_order":0,"comment_status":"closed","ping_status":"closed","template":"","meta":{"iawp_total_views":44,"footnotes":""},"class_list":["post-731","page","type-page","status-publish","hentry"],"blocksy_meta":{"page_title_panel":"","has_hero_section":"disabled","38c43f55e0a106f2cec06c7b48b05c0c":"","hero_section":"type-1","hero_elements":[{"id":"custom_title","enabled":true,"heading_tag":"h1","title":"Home"},{"id":"custom_description","enabled":true,"description_visibility":{"desktop":true,"tablet":true,"mobile":false}},{"id":"custom_meta","enabled":false,"meta_elements":[{"id":"author","enabled":true,"label":"By","has_author_avatar":"yes","avatar_size":25},{"id":"post_date","enabled":true,"label":"On","date_format_source":"default","date_format":"M j, Y"},{"id":"updated_date","enabled":false,"label":"On","date_format_source":"default","date_format":"M j, Y"},{"id":"categories","enabled":false,"label":"In","style":"simple"},{"id":"comments","enabled":true}],"page_meta_elements":{"joined":true,"articles_count":true,"comments":true}},{"id":"breadcrumbs","enabled":false}],"bb192f02133ce16ebe1ccca3234ec8ca":"","hero_alignment1":"CT_CSS_SKIP_RULE","hero_margin":40,"hero_alignment2":"center","hero_vertical_alignment":"center","a40283cb647174cb7b947f97142b28a2":"","hero_structure":"narrow","6a9fbbb6d7cc25749d3953948588abf2":"","page_title_bg_type":"featured_image","custom_hero_background":{"attachment_id":null},"parallax":{"desktop":false,"tablet":false,"mobile":false},"d0af0dbf3561e32bb110fb12cbde1435":"","hero_height":"250px","pageTitleFont":{"family":"Default","variation":"Default","size":"30px","line-height":"CT_CSS_SKIP_RULE","letter-spacing":"CT_CSS_SKIP_RULE","text-transform":"CT_CSS_SKIP_RULE","text-decoration":"CT_CSS_SKIP_RULE"},"pageTitleFontColor":{"default":{"color":"CT_CSS_SKIP_RULEDEFAULT"}},"pageMetaFont":{"family":"Default","variation":"n6","size":"12px","line-height":"1.3","letter-spacing":"CT_CSS_SKIP_RULE","text-transform":"uppercase","text-decoration":"CT_CSS_SKIP_RULE"},"pageMetaFontColor":{"default":{"color":"CT_CSS_SKIP_RULEDEFAULT"},"hover":{"color":"CT_CSS_SKIP_RULEDEFAULT"}},"page_meta_button_type_font_colors":{"default":{"color":"CT_CSS_SKIP_RULEDEFAULT"},"hover":{"color":"CT_CSS_SKIP_RULEDEFAULT"}},"page_meta_button_type_background_colors":{"default":{"color":"CT_CSS_SKIP_RULEDEFAULT"},"hover":{"color":"CT_CSS_SKIP_RULEDEFAULT"}},"pageExcerptFont":{"family":"Default","variation":"Default","size":"CT_CSS_SKIP_RULE","line-height":"CT_CSS_SKIP_RULE","letter-spacing":"CT_CSS_SKIP_RULE","text-transform":"CT_CSS_SKIP_RULE","text-decoration":"CT_CSS_SKIP_RULE"},"pageExcerptColor":{"default":{"color":"CT_CSS_SKIP_RULEDEFAULT"}},"breadcrumbsFont":{"family":"Default","variation":"Default","size":"CT_CSS_SKIP_RULE","line-height":"CT_CSS_SKIP_RULE","letter-spacing":"CT_CSS_SKIP_RULE","text-transform":"CT_CSS_SKIP_RULE","text-decoration":"CT_CSS_SKIP_RULE"},"breadcrumbsFontColor":{"default":{"color":"CT_CSS_SKIP_RULEDEFAULT"},"initial":{"color":"CT_CSS_SKIP_RULEDEFAULT"},"hover":{"color":"CT_CSS_SKIP_RULEDEFAULT"}},"pageTitleOverlay":{"background_type":"color","background_pattern":"type-1","background_image":{"attachment_id":null,"x":0,"y":0},"gradient":"linear-gradient(135deg,rgba(6,147,227,1) 0%,rgb(155,81,224) 100%)","background_repeat":"repeat","background_size":"auto","background_attachment":"scroll","patternColor":{"default":{"color":"#e5e7ea"}},"overlayColor":{"default":{"color":"CT_CSS_SKIP_RULE"}},"backgroundColor":{"default":{"color":"CT_CSS_SKIP_RULE"}}},"pageTitleBackground":{"background_type":"color","background_pattern":"type-1","background_image":{"attachment_id":null,"x":0,"y":0},"gradient":"linear-gradient(135deg,rgba(6,147,227,1) 0%,rgb(155,81,224) 100%)","background_repeat":"repeat","background_size":"auto","background_attachment":"scroll","patternColor":{"default":{"color":"#e5e7ea"}},"overlayColor":{"default":{"color":"CT_CSS_SKIP_RULE"}},"backgroundColor":{"default":{"color":"var(--theme-palette-color-6)"}}},"pageTitlePadding":{"top":"50px","bottom":"50px","left":"auto","right":"auto","linked":true},"235c5bafcddf850b508a121177fb8bdd":"","page_structure_type":"default","9b375d01d481cff83a60ed8670bf6ce8":"","content_style_source":"inherit","content_style":"wide","vertical_spacing_source":"custom","content_area_spacing":"none","background":{"background_type":"color","background_pattern":"type-1","background_image":{"attachment_id":null,"x":0,"y":0},"gradient":"linear-gradient(135deg,rgba(6,147,227,1) 0%,rgb(155,81,224) 100%)","background_repeat":"repeat","background_size":"auto","background_attachment":"scroll","patternColor":{"default":{"color":"#e5e7ea"}},"overlayColor":{"default":{"color":"CT_CSS_SKIP_RULE"}},"backgroundColor":{"default":{"color":"CT_CSS_SKIP_RULE"}}},"content_background":{"background_type":"color","background_pattern":"type-1","background_image":{"attachment_id":null,"x":0,"y":0},"gradient":"linear-gradient(135deg,rgba(6,147,227,1) 0%,rgb(155,81,224) 100%)","background_repeat":"repeat","background_size":"auto","background_attachment":"scroll","patternColor":{"default":{"color":"#e5e7ea"}},"overlayColor":{"default":{"color":"CT_CSS_SKIP_RULE"}},"backgroundColor":{"default":{"color":"var(--theme-palette-color-8)"}}},"content_boxed_shadow":{"inherit":false,"blur":18,"spread":-6,"v_offset":12,"h_offset":0,"inset":false,"enable":true,"color":{"color":"rgba(34, 56, 101, 0.04)"}},"boxed_content_spacing":{"desktop":{"top":"40px","bottom":"40px","left":"40px","right":"40px","linked":true},"tablet":{"top":"35px","bottom":"35px","left":"35px","right":"35px","linked":true},"mobile":{"top":"20px","bottom":"20px","left":"20px","right":"20px","linked":true}},"content_boxed_radius":{"top":"3px","bottom":"3px","left":"3px","right":"3px","linked":true},"046a21f0c823ce2434c800d9e55e5cda":"","disable_featured_image":"no","disable_header":"no","disable_footer":"no","styles_descriptor":{"styles":{"desktop":"","tablet":"","mobile":""},"google_fonts":[],"version":6}},"_links":{"self":[{"href":"https:\/\/www.msjiujitsu.hr\/index.php\/wp-json\/wp\/v2\/pages\/731","targetHints":{"allow":["GET"]}}],"collection":[{"href":"https:\/\/www.msjiujitsu.hr\/index.php\/wp-json\/wp\/v2\/pages"}],"about":[{"href":"https:\/\/www.msjiujitsu.hr\/index.php\/wp-json\/wp\/v2\/types\/page"}],"author":[{"embeddable":true,"href":"https:\/\/www.msjiujitsu.hr\/index.php\/wp-json\/wp\/v2\/users\/1"}],"replies":[{"embeddable":true,"href":"https:\/\/www.msjiujitsu.hr\/index.php\/wp-json\/wp\/v2\/comments?post=731"}],"version-history":[{"count":0,"href":"https:\/\/www.msjiujitsu.hr\/index.php\/wp-json\/wp\/v2\/pages\/731\/revisions"}],"wp:attachment":[{"href":"https:\/\/www.msjiujitsu.hr\/index.php\/wp-json\/wp\/v2\/media?parent=731"}],"curies":[{"name":"wp","href":"https:\/\/api.w.org\/{rel}","templated":true}]}}